{"id":971,"date":"2023-03-29T13:28:23","date_gmt":"2023-03-29T13:28:23","guid":{"rendered":"https:\/\/aurore-cocoonemoi.fr\/?page_id=971"},"modified":"2023-09-30T13:55:47","modified_gmt":"2023-09-30T13:55:47","slug":"accompagnement-perinatal","status":"publish","type":"page","link":"https:\/\/aurore-cocoonemoi.fr\/index.php\/accompagnement-perinatal\/","title":{"rendered":"Accompagnement P\u00e9rinatal"},"content":{"rendered":"\t\t<div data-elementor-type=\"wp-page\" data-elementor-id=\"971\" class=\"elementor elementor-971\">\n\t\t\t\t\t\t\t\t\t<section class=\"elementor-section elementor-top-section elementor-element elementor-element-8d932c8 elementor-section-boxed elementor-section-height-default elementor-section-height-default\" data-id=\"8d932c8\" data-element_type=\"section\">\n\t\t\t\t\t\t<div class=\"elementor-container elementor-column-gap-default\">\n\t\t\t\t\t<div class=\"elementor-column elementor-col-100 elementor-top-column elementor-element elementor-element-71f5adb\" data-id=\"71f5adb\" data-element_type=\"column\">\n\t\t\t<div class=\"elementor-widget-wrap elementor-element-populated\">\n\t\t\t\t\t\t\t\t<div class=\"elementor-element elementor-element-7deafe2 elementor-widget elementor-widget-text-editor\" data-id=\"7deafe2\" data-element_type=\"widget\" data-widget_type=\"text-editor.default\">\n\t\t\t\t<div class=\"elementor-widget-container\">\n\t\t\t<style>\/*! elementor - v3.18.0 - 20-12-2023 *\/\n.elementor-widget-text-editor.elementor-drop-cap-view-stacked .elementor-drop-cap{background-color:#69727d;color:#fff}.elementor-widget-text-editor.elementor-drop-cap-view-framed .elementor-drop-cap{color:#69727d;border:3px solid;background-color:transparent}.elementor-widget-text-editor:not(.elementor-drop-cap-view-default) .elementor-drop-cap{margin-top:8px}.elementor-widget-text-editor:not(.elementor-drop-cap-view-default) .elementor-drop-cap-letter{width:1em;height:1em}.elementor-widget-text-editor .elementor-drop-cap{float:left;text-align:center;line-height:1;font-size:50px}.elementor-widget-text-editor .elementor-drop-cap-letter{display:inline-block}<\/style>\t\t\t\t\t\t\t\t\t\t<\/div>\n\t\t\t\t<\/div>\n\t\t\t\t<div class=\"elementor-element elementor-element-7920ae4 elementor-widget elementor-widget-text-editor\" data-id=\"7920ae4\" data-element_type=\"widget\" data-widget_type=\"text-editor.default\">\n\t\t\t\t<div class=\"elementor-widget-container\">\n\t\t\t\t\t\t\t\t\t\t\t\t\t<\/div>\n\t\t\t\t<\/div>\n\t\t\t\t<div class=\"elementor-element elementor-element-3650ffb elementor-widget elementor-widget-text-editor\" data-id=\"3650ffb\" data-element_type=\"widget\" data-widget_type=\"text-editor.default\">\n\t\t\t\t<div class=\"elementor-widget-container\">\n\t\t\t\t\t\t\t<p>Je vous propose un accompagnement P\u00e9rinatal, Doula autour de Limoges et dans toute la Haute vienne.<\/p>\n<p>Le forfait global comprend:&nbsp;<\/p>\n<p>&#8211; <b>3 RDV<\/b> pendant la grossesse pour aborder vos questions, vos doutes, vos peurs, la physiologie de la naissance, la pr\u00e9paration du post partum, la place du co parent&#8230;.<\/p>\n<p>&#8211; <b>2rdv<\/b> en post partum pour vous accompagner lors de votre retour \u00e0 la maison, \u00e9changer autour de l\u2019accouchement, vous \u00e9couter, voir ensemble les besoins du jeune enfant, effectuer un resserrage de bassin ect &#8230;<\/p>\n<p>Tarif : 400 euros<\/p>\n<p><span style=\"letter-spacing: 0px; word-spacing: 0em;\">Je vous propose aussi des rendez vous ponctuels pour aborder une th\u00e9matique choisie selon vos besoins : 2H\/2H30 : 60 euros<\/span><\/p>\n<p><span style=\"letter-spacing: 0px; word-spacing: 0em;\">&nbsp;<\/span><\/p>\n<p><em><span style=\"letter-spacing: 0px; word-spacing: 0em;\">Pourquoi faire appel \u00e0 une Accompagnante en P\u00e9rinatalit\u00e9 ou Doula?<\/span><\/em><\/p>\n<p><em>La maternit\u00e9 et au sens plus large la parentalit\u00e9 n&rsquo;est pas un long fleuve tranquille : c&rsquo;est plut\u00f4t un sacr\u00e9 voyage en Terre Inconnue.<\/em><br><em>Un voyage m\u00e9tiss\u00e9 de plusieurs couleurs teint\u00e9es de joie, bonheur, d\u00e9couvertes, accomplissements mais aussi de questionnements, culpabilit\u00e9, solitude ou encore de pression soci\u00e9tale.<\/em><br><em>Etre parents est un r\u00e9el bonheur mais pas QUE: c&rsquo;est aussi un r\u00e9el bouleversement .<\/em><br><em>Etre accompagn\u00e9 pendant ce moment de vie c&rsquo;est :<\/em><br><em>\ud83c\udff5 s&rsquo;offrir la chance de vivre ce moment plus en douceur, d&rsquo;acc\u00e9der \u00e0 la maternit\u00e9 et parentalit\u00e9 qui fait sens pour nous ( accouchement physiologique, accouchement avec ou sans p\u00e9ridurale, accouchement \u00e0 domicile ou accouchement en structure hospitali\u00e8re, allaitement ou non&#8230;)<\/em><br><em>\ud83c\udff5 s&rsquo;offrir une personne ressource avec qui cr\u00e9er un lien de confiance qui nous accompagnera afin de vivre au mieux la grossesse et l\u2019arriv\u00e9e de l\u2019enfant et d&rsquo;avoir un soutien dans l&rsquo; accession \u00e0 la parentalit\u00e9.<\/em><br><em>\ud83c\udff5s&rsquo;offrir la chance d&rsquo;une oreille attentive et bienveillante, un espace de parole o\u00f9 l&rsquo;on peut d\u00e9verser ses \u00ab\u00a0maux\u00a0\u00bb .<\/em><\/p>\n<p><em>\ud83c\udff5&nbsp; Acc\u00e9der \u00e0 des informations objectives afin de faire des choix en conscience.<\/em><\/p>\n<p><em> \ud83c\udff5 Etre accompagn\u00e9 durant la p\u00e9riode du post partum<\/em><\/p>\t\t\t\t\t\t<\/div>\n\t\t\t\t<\/div>\n\t\t\t\t\t<\/div>\n\t\t<\/div>\n\t\t\t\t\t\t\t<\/div>\n\t\t<\/section>\n\t\t\t\t<section class=\"elementor-section elementor-top-section elementor-element elementor-element-2188777 elementor-section-boxed elementor-section-height-default elementor-section-height-default\" data-id=\"2188777\" data-element_type=\"section\">\n\t\t\t\t\t\t<div class=\"elementor-container elementor-column-gap-default\">\n\t\t\t\t\t<div class=\"elementor-column elementor-col-100 elementor-top-column elementor-element elementor-element-acf15d0\" data-id=\"acf15d0\" data-element_type=\"column\">\n\t\t\t<div class=\"elementor-widget-wrap elementor-element-populated\">\n\t\t\t\t\t\t\t\t<div class=\"elementor-element elementor-element-066c7a5 elementor-widget elementor-widget-text-editor\" data-id=\"066c7a5\" data-element_type=\"widget\" data-widget_type=\"text-editor.default\">\n\t\t\t\t<div class=\"elementor-widget-container\">\n\t\t\t\t\t\t\t<p>Mes valeurs en tant qu&rsquo;accompagnante :\u00a0<\/p><p>L&#8217;empathie, le non jugement, et la bienveillance<\/p>\t\t\t\t\t\t<\/div>\n\t\t\t\t<\/div>\n\t\t\t\t\t<\/div>\n\t\t<\/div>\n\t\t\t\t\t\t\t<\/div>\n\t\t<\/section>\n\t\t\t\t<section class=\"elementor-section elementor-top-section elementor-element elementor-element-57dc507 elementor-section-boxed elementor-section-height-default elementor-section-height-default\" data-id=\"57dc507\" data-element_type=\"section\">\n\t\t\t\t\t\t<div class=\"elementor-container elementor-column-gap-default\">\n\t\t\t\t\t<div class=\"elementor-column elementor-col-100 elementor-top-column elementor-element elementor-element-bd1c523\" data-id=\"bd1c523\" data-element_type=\"column\">\n\t\t\t<div class=\"elementor-widget-wrap elementor-element-populated\">\n\t\t\t\t\t\t\t\t<div class=\"elementor-element elementor-element-6c15a34 elementor-widget elementor-widget-text-editor\" data-id=\"6c15a34\" data-element_type=\"widget\" data-widget_type=\"text-editor.default\">\n\t\t\t\t<div class=\"elementor-widget-container\">\n\t\t\t\t\t\t\t<p class=\"font_8\"><span class=\"color_19\"><u><b><i>Je suis accompagnante et non sage-femme :<\/i><\/b><\/u><\/span><\/p>\n<p class=\"font_8\"><span class=\"color_19\"><i>Je ne pratique aucun acte m\u00e9dical et ne suis pas une th\u00e9rapeute. Mes prestations sont compl\u00e9mentaires de celles des sages-femmes ou des m\u00e9decins et ne se substituent pas \u00e0 un suivi m\u00e9dical par un professionnel de sant\u00e9.<\/i><\/span><\/p>\n<p class=\"font_8\"><span class=\"color_19\"><i>Je n\u2019accompagne pas les m\u00e8res ni les couples qui n\u2019ont pas organis\u00e9 de suivi m\u00e9dical r\u00e9gulier tout au long de la grossesse et en vue de l\u2019accouchement.<\/i><\/span><\/p>\n<p class=\"font_8\"><span class=\"color_19\"><i>Je ne peux en aucun cas \u00eatre pr\u00e9sente ou envisager ma pr\u00e9sence \u00e0 un accouchement sans la pr\u00e9sence d\u2019une sage-femme ou d\u2019un m\u00e9decin.<\/i><\/span><\/p>\n<p class=\"font_8\"><span class=\"color_19\"><i>Je travaille \u00e0 chaque fois aux c\u00f4t\u00e9s des diff\u00e9rents intervenants m\u00e9dicaux.<\/i><\/span><\/p>\n<p class=\"font_8\"><span class=\"color_19\"><i>Pour info: Article L4111.1 du Code de la Sant\u00e9 Publique<\/i><\/span><\/p>\t\t\t\t\t\t<\/div>\n\t\t\t\t<\/div>\n\t\t\t\t\t<\/div>\n\t\t<\/div>\n\t\t\t\t\t\t\t<\/div>\n\t\t<\/section>\n\t\t\t\t<section class=\"elementor-section elementor-top-section elementor-element elementor-element-9d3fd57 elementor-section-boxed elementor-section-height-default elementor-section-height-default\" data-id=\"9d3fd57\" data-element_type=\"section\">\n\t\t\t\t\t\t<div class=\"elementor-container elementor-column-gap-default\">\n\t\t\t\t\t<div class=\"elementor-column elementor-col-100 elementor-top-column elementor-element elementor-element-f0dcf18\" data-id=\"f0dcf18\" data-element_type=\"column\">\n\t\t\t<div class=\"elementor-widget-wrap elementor-element-populated\">\n\t\t\t\t\t\t\t\t<div class=\"elementor-element elementor-element-78d686a elementor-widget elementor-widget-image\" data-id=\"78d686a\" data-element_type=\"widget\" data-widget_type=\"image.default\">\n\t\t\t\t<div class=\"elementor-widget-container\">\n\t\t\t<style>\/*! elementor - v3.18.0 - 20-12-2023 *\/\n.elementor-widget-image{text-align:center}.elementor-widget-image a{display:inline-block}.elementor-widget-image a img[src$=\".svg\"]{width:48px}.elementor-widget-image img{vertical-align:middle;display:inline-block}<\/style>\t\t\t\t\t\t\t\t\t\t\t\t<img fetchpriority=\"high\" decoding=\"async\" width=\"960\" height=\"537\" src=\"https:\/\/aurore-cocoonemoi.fr\/wp-content\/uploads\/2022\/08\/doula.webp\" class=\"attachment-large size-large wp-image-510\" alt=\"\" srcset=\"https:\/\/aurore-cocoonemoi.fr\/wp-content\/uploads\/2022\/08\/doula.webp 1000w, https:\/\/aurore-cocoonemoi.fr\/wp-content\/uploads\/2022\/08\/doula-300x168.webp 300w, https:\/\/aurore-cocoonemoi.fr\/wp-content\/uploads\/2022\/08\/doula-768x429.webp 768w\" sizes=\"(max-width: 960px) 100vw, 960px\" \/>\t\t\t\t\t\t\t\t\t\t\t\t\t\t\t<\/div>\n\t\t\t\t<\/div>\n\t\t\t\t\t<\/div>\n\t\t<\/div>\n\t\t\t\t\t\t\t<\/div>\n\t\t<\/section>\n\t\t\t\t<section class=\"elementor-section elementor-top-section elementor-element elementor-element-6678873 elementor-section-boxed elementor-section-height-default elementor-section-height-default\" data-id=\"6678873\" data-element_type=\"section\">\n\t\t\t\t\t\t<div class=\"elementor-container elementor-column-gap-default\">\n\t\t\t\t\t<div class=\"elementor-column elementor-col-100 elementor-top-column elementor-element elementor-element-aa88890\" data-id=\"aa88890\" data-element_type=\"column\">\n\t\t\t<div class=\"elementor-widget-wrap\">\n\t\t\t\t\t\t\t\t\t<\/div>\n\t\t<\/div>\n\t\t\t\t\t\t\t<\/div>\n\t\t<\/section>\n\t\t\t\t<section class=\"elementor-section elementor-top-section elementor-element elementor-element-b120453 elementor-section-boxed elementor-section-height-default elementor-section-height-default\" data-id=\"b120453\" data-element_type=\"section\">\n\t\t\t\t\t\t<div class=\"elementor-container elementor-column-gap-default\">\n\t\t\t\t\t<div class=\"elementor-column elementor-col-100 elementor-top-column elementor-element elementor-element-2818183\" data-id=\"2818183\" data-element_type=\"column\">\n\t\t\t<div class=\"elementor-widget-wrap elementor-element-populated\">\n\t\t\t\t\t\t\t\t<div class=\"elementor-element elementor-element-c1286ab elementor-widget elementor-widget-wpforms\" data-id=\"c1286ab\" data-element_type=\"widget\" data-widget_type=\"wpforms.default\">\n\t\t\t\t<div class=\"elementor-widget-container\">\n\t\t\t<div class=\"wpforms-container wpforms-container-full\" id=\"wpforms-276\"><form id=\"wpforms-form-276\" class=\"wpforms-validate wpforms-form wpforms-ajax-form\" data-formid=\"276\" method=\"post\" enctype=\"multipart\/form-data\" action=\"\/index.php\/wp-json\/wp\/v2\/pages\/971\" data-token=\"2e9a06c6404020bf64a96b4d13b33a06\" data-token-time=\"1778503215\"><noscript class=\"wpforms-error-noscript\">Veuillez activer JavaScript dans votre navigateur pour remplir ce formulaire.<\/noscript><div class=\"wpforms-field-container\"><div id=\"wpforms-276-field_0-container\" class=\"wpforms-field wpforms-field-name\" data-field-id=\"0\"><label class=\"wpforms-field-label\" for=\"wpforms-276-field_0\">Nom <span class=\"wpforms-required-label\">*<\/span><\/label><input type=\"text\" id=\"wpforms-276-field_0\" class=\"wpforms-field-medium wpforms-field-required\" name=\"wpforms[fields][0]\" required><\/div><div id=\"wpforms-276-field_1-container\" class=\"wpforms-field wpforms-field-email\" data-field-id=\"1\"><label class=\"wpforms-field-label\" for=\"wpforms-276-field_1\">Email <span class=\"wpforms-required-label\">*<\/span><\/label><input type=\"email\" id=\"wpforms-276-field_1\" class=\"wpforms-field-medium wpforms-field-required\" name=\"wpforms[fields][1]\" spellcheck=\"false\" required><\/div><div id=\"wpforms-276-field_2-container\" class=\"wpforms-field wpforms-field-textarea\" data-field-id=\"2\"><label class=\"wpforms-field-label\" for=\"wpforms-276-field_2\">Message<\/label><textarea id=\"wpforms-276-field_2\" class=\"wpforms-field-medium\" name=\"wpforms[fields][2]\" ><\/textarea><\/div><div id=\"wpforms-276-field_14-container\" class=\"wpforms-field wpforms-field-gdpr-checkbox\" data-field-id=\"14\"><label class=\"wpforms-field-label\">Accord RGPD <span class=\"wpforms-required-label\">*<\/span><\/label><ul id=\"wpforms-276-field_14\" class=\"wpforms-field-required\"><li class=\"choice-1\"><input type=\"checkbox\" id=\"wpforms-276-field_14_1\" name=\"wpforms[fields][14][]\" value=\"Je consens \u00e0 ce que &quot;aurore-cocoonemoi.fr&quot; stocke mes informations envoy\u00e9es afin qu\u2019elles puissent r\u00e9pondre \u00e0 ma requ\u00eate.\" required ><label class=\"wpforms-field-label-inline\" for=\"wpforms-276-field_14_1\">Je consens \u00e0 ce que \"aurore-cocoonemoi.fr\" stocke mes informations envoy\u00e9es afin qu\u2019elles puissent r\u00e9pondre \u00e0 ma requ\u00eate.<\/label><\/li><\/ul><\/div><\/div><!-- .wpforms-field-container --><div class=\"wpforms-submit-container\" ><input type=\"hidden\" name=\"wpforms[id]\" value=\"276\"><input type=\"hidden\" name=\"page_title\" value=\"\"><input type=\"hidden\" name=\"page_url\" value=\"https:\/\/aurore-cocoonemoi.fr\/index.php\/wp-json\/wp\/v2\/pages\/971\"><input type=\"hidden\" name=\"url_referer\" value=\"\"><button type=\"submit\" name=\"wpforms[submit]\" id=\"wpforms-submit-276\" class=\"wpforms-submit\" data-alt-text=\"Sending...\" data-submit-text=\"Envoyer\" aria-live=\"assertive\" value=\"wpforms-submit\">Envoyer<\/button><img decoding=\"async\" src=\"https:\/\/aurore-cocoonemoi.fr\/wp-content\/plugins\/wpforms-lite\/assets\/images\/submit-spin.svg\" class=\"wpforms-submit-spinner\" style=\"display: none;\" width=\"26\" height=\"26\" alt=\"Chargement en cours\"><\/div><\/form><\/div>  <!-- .wpforms-container -->\t\t<\/div>\n\t\t\t\t<\/div>\n\t\t\t\t\t<\/div>\n\t\t<\/div>\n\t\t\t\t\t\t\t<\/div>\n\t\t<\/section>\n\t\t\t\t\t\t\t<\/div>\n\t\t","protected":false},"excerpt":{"rendered":"<p>Je vous propose un accompagnement P\u00e9rinatal, Doula autour de Limoges et dans toute la Haute vienne. Le forfait global comprend:&nbsp; &#8211; 3 RDV pendant la grossesse pour aborder vos questions, vos doutes, vos peurs, la physiologie de la naissance, la pr\u00e9paration du post partum, la place du co parent&#8230;. &#8211; 2rdv en post partum pour vous accompagner lors de votre retour \u00e0 la maison, \u00e9changer autour de l\u2019accouchement, vous \u00e9couter, voir ensemble les besoins du jeune enfant, effectuer un resserrage de bassin ect &#8230; Tarif : 400 euros Je vous propose aussi des rendez vous ponctuels pour aborder une th\u00e9matique choisie selon vos besoins : 2H\/2H30 : 60 euros &nbsp; Pourquoi faire appel \u00e0 une Accompagnante en P\u00e9rinatalit\u00e9 ou Doula? La maternit\u00e9 et au sens plus large la parentalit\u00e9 n&rsquo;est pas un long fleuve tranquille : c&rsquo;est plut\u00f4t un sacr\u00e9 voyage en Terre Inconnue.Un voyage m\u00e9tiss\u00e9 de plusieurs couleurs teint\u00e9es de joie, bonheur, d\u00e9couvertes, accomplissements mais aussi de questionnements, culpabilit\u00e9, solitude ou encore de pression soci\u00e9tale.Etre parents est un r\u00e9el bonheur mais pas QUE: c&rsquo;est aussi un r\u00e9el bouleversement .Etre accompagn\u00e9 pendant ce moment de vie c&rsquo;est :\ud83c\udff5 s&rsquo;offrir la chance de vivre ce moment plus en douceur, d&rsquo;acc\u00e9der \u00e0 la maternit\u00e9 et parentalit\u00e9 qui fait sens pour nous ( accouchement physiologique, accouchement avec ou sans p\u00e9ridurale, accouchement \u00e0 domicile ou accouchement en structure hospitali\u00e8re, allaitement ou non&#8230;)\ud83c\udff5 s&rsquo;offrir une personne ressource avec qui cr\u00e9er un lien de confiance qui nous accompagnera afin de vivre au mieux la grossesse et l\u2019arriv\u00e9e de l\u2019enfant et d&rsquo;avoir un soutien dans l&rsquo; accession \u00e0 la parentalit\u00e9.\ud83c\udff5s&rsquo;offrir la chance d&rsquo;une oreille attentive et bienveillante, un espace de parole o\u00f9 l&rsquo;on peut d\u00e9verser ses \u00ab\u00a0maux\u00a0\u00bb . \ud83c\udff5&nbsp; Acc\u00e9der \u00e0 des informations objectives afin de faire des choix en conscience. \ud83c\udff5 Etre accompagn\u00e9 durant la p\u00e9riode du post partum Mes valeurs en tant qu&rsquo;accompagnante :\u00a0 L&#8217;empathie, le non jugement, et la bienveillance Je suis accompagnante et non sage-femme : Je ne pratique aucun acte m\u00e9dical et ne suis pas une th\u00e9rapeute. Mes prestations sont compl\u00e9mentaires de celles des sages-femmes ou des m\u00e9decins et ne se substituent pas \u00e0 un suivi m\u00e9dical par un professionnel de sant\u00e9. Je n\u2019accompagne pas les m\u00e8res ni les couples qui n\u2019ont pas organis\u00e9 de suivi m\u00e9dical r\u00e9gulier tout au long de la grossesse et en vue de l\u2019accouchement. Je ne peux en aucun cas \u00eatre pr\u00e9sente ou envisager ma pr\u00e9sence \u00e0 un accouchement sans la pr\u00e9sence d\u2019une sage-femme ou d\u2019un m\u00e9decin. Je travaille \u00e0 chaque fois aux c\u00f4t\u00e9s des diff\u00e9rents intervenants m\u00e9dicaux. Pour info: Article L4111.1 du Code de la Sant\u00e9 Publique Veuillez activer JavaScript dans votre navigateur pour remplir ce formulaire.Nom *Email *MessageAccord RGPD * Je consens \u00e0 ce que \u00ab\u00a0aurore-cocoonemoi.fr\u00a0\u00bb stocke mes informations envoy\u00e9es afin qu\u2019elles puissent r\u00e9pondre \u00e0 ma requ\u00eate. Envoyer<\/p>\n","protected":false},"author":1,"featured_media":0,"parent":0,"menu_order":0,"comment_status":"closed","ping_status":"closed","template":"","meta":{"om_disable_all_campaigns":false,"_monsterinsights_skip_tracking":false,"_monsterinsights_sitenote_active":false,"_monsterinsights_sitenote_note":"","_monsterinsights_sitenote_category":0,"footnotes":""},"aioseo_notices":[],"_links":{"self":[{"href":"https:\/\/aurore-cocoonemoi.fr\/index.php\/wp-json\/wp\/v2\/pages\/971"}],"collection":[{"href":"https:\/\/aurore-cocoonemoi.fr\/index.php\/wp-json\/wp\/v2\/pages"}],"about":[{"href":"https:\/\/aurore-cocoonemoi.fr\/index.php\/wp-json\/wp\/v2\/types\/page"}],"author":[{"embeddable":true,"href":"https:\/\/aurore-cocoonemoi.fr\/index.php\/wp-json\/wp\/v2\/users\/1"}],"replies":[{"embeddable":true,"href":"https:\/\/aurore-cocoonemoi.fr\/index.php\/wp-json\/wp\/v2\/comments?post=971"}],"version-history":[{"count":29,"href":"https:\/\/aurore-cocoonemoi.fr\/index.php\/wp-json\/wp\/v2\/pages\/971\/revisions"}],"predecessor-version":[{"id":1521,"href":"https:\/\/aurore-cocoonemoi.fr\/index.php\/wp-json\/wp\/v2\/pages\/971\/revisions\/1521"}],"wp:attachment":[{"href":"https:\/\/aurore-cocoonemoi.fr\/index.php\/wp-json\/wp\/v2\/media?parent=971"}],"curies":[{"name":"wp","href":"https:\/\/api.w.org\/{rel}","templated":true}]}}