{"id":214,"date":"2022-06-08T15:55:26","date_gmt":"2022-06-08T15:55:26","guid":{"rendered":"https:\/\/aurore-cocoonemoi.fr\/?page_id=214"},"modified":"2025-06-16T07:15:59","modified_gmt":"2025-06-16T07:15:59","slug":"qui-suis-je","status":"publish","type":"page","link":"https:\/\/aurore-cocoonemoi.fr\/index.php\/qui-suis-je\/","title":{"rendered":"Qui suis-je"},"content":{"rendered":"\t\t<div data-elementor-type=\"wp-page\" data-elementor-id=\"214\" class=\"elementor elementor-214\">\n\t\t\t\t\t\t\t\t\t<section class=\"elementor-section elementor-top-section elementor-element elementor-element-9b89875 elementor-section-boxed elementor-section-height-default elementor-section-height-default\" data-id=\"9b89875\" data-element_type=\"section\">\n\t\t\t\t\t\t<div class=\"elementor-container elementor-column-gap-default\">\n\t\t\t\t\t<div class=\"elementor-column elementor-col-100 elementor-top-column elementor-element elementor-element-e9cede4\" data-id=\"e9cede4\" data-element_type=\"column\">\n\t\t\t<div class=\"elementor-widget-wrap elementor-element-populated\">\n\t\t\t\t\t\t\t\t<div class=\"elementor-element elementor-element-afcbb04 elementor-widget elementor-widget-image\" data-id=\"afcbb04\" data-element_type=\"widget\" data-widget_type=\"image.default\">\n\t\t\t\t<div class=\"elementor-widget-container\">\n\t\t\t<style>\/*! elementor - v3.18.0 - 20-12-2023 *\/\n.elementor-widget-image{text-align:center}.elementor-widget-image a{display:inline-block}.elementor-widget-image a img[src$=\".svg\"]{width:48px}.elementor-widget-image img{vertical-align:middle;display:inline-block}<\/style>\t\t\t\t\t\t\t\t\t\t\t\t<img fetchpriority=\"high\" decoding=\"async\" width=\"846\" height=\"720\" src=\"https:\/\/aurore-cocoonemoi.fr\/wp-content\/uploads\/2023\/09\/AB.jpg\" class=\"attachment-large size-large wp-image-1460\" alt=\"Doula Limoges\" srcset=\"https:\/\/aurore-cocoonemoi.fr\/wp-content\/uploads\/2023\/09\/AB.jpg 846w, https:\/\/aurore-cocoonemoi.fr\/wp-content\/uploads\/2023\/09\/AB-300x255.jpg 300w, https:\/\/aurore-cocoonemoi.fr\/wp-content\/uploads\/2023\/09\/AB-768x654.jpg 768w\" sizes=\"(max-width: 846px) 100vw, 846px\" \/>\t\t\t\t\t\t\t\t\t\t\t\t\t\t\t<\/div>\n\t\t\t\t<\/div>\n\t\t\t\t\t<\/div>\n\t\t<\/div>\n\t\t\t\t\t\t\t<\/div>\n\t\t<\/section>\n\t\t\t\t<section class=\"elementor-section elementor-top-section elementor-element elementor-element-31a8f46 elementor-section-boxed elementor-section-height-default elementor-section-height-default\" data-id=\"31a8f46\" data-element_type=\"section\">\n\t\t\t\t\t\t<div class=\"elementor-container elementor-column-gap-default\">\n\t\t\t\t\t<div class=\"elementor-column elementor-col-100 elementor-top-column elementor-element elementor-element-4483043\" data-id=\"4483043\" data-element_type=\"column\">\n\t\t\t<div class=\"elementor-widget-wrap elementor-element-populated\">\n\t\t\t\t\t\t\t\t<div class=\"elementor-element elementor-element-292c56b elementor-widget elementor-widget-text-editor\" data-id=\"292c56b\" data-element_type=\"widget\" data-widget_type=\"text-editor.default\">\n\t\t\t\t<div class=\"elementor-widget-container\">\n\t\t\t<style>\/*! elementor - v3.18.0 - 20-12-2023 *\/\n.elementor-widget-text-editor.elementor-drop-cap-view-stacked .elementor-drop-cap{background-color:#69727d;color:#fff}.elementor-widget-text-editor.elementor-drop-cap-view-framed .elementor-drop-cap{color:#69727d;border:3px solid;background-color:transparent}.elementor-widget-text-editor:not(.elementor-drop-cap-view-default) .elementor-drop-cap{margin-top:8px}.elementor-widget-text-editor:not(.elementor-drop-cap-view-default) .elementor-drop-cap-letter{width:1em;height:1em}.elementor-widget-text-editor .elementor-drop-cap{float:left;text-align:center;line-height:1;font-size:50px}.elementor-widget-text-editor .elementor-drop-cap-letter{display:inline-block}<\/style>\t\t\t\t\t\t\t\t\t\t<\/div>\n\t\t\t\t<\/div>\n\t\t\t\t\t<\/div>\n\t\t<\/div>\n\t\t\t\t\t\t\t<\/div>\n\t\t<\/section>\n\t\t\t\t<section class=\"elementor-section elementor-top-section elementor-element elementor-element-55d0d57 elementor-section-boxed elementor-section-height-default elementor-section-height-default\" data-id=\"55d0d57\" data-element_type=\"section\">\n\t\t\t\t\t\t<div class=\"elementor-container elementor-column-gap-default\">\n\t\t\t\t\t<div class=\"elementor-column elementor-col-100 elementor-top-column elementor-element elementor-element-f7bed6c\" data-id=\"f7bed6c\" data-element_type=\"column\">\n\t\t\t<div class=\"elementor-widget-wrap elementor-element-populated\">\n\t\t\t\t\t\t\t\t<div class=\"elementor-element elementor-element-80c87aa elementor-invisible elementor-widget elementor-widget-text-editor\" data-id=\"80c87aa\" data-element_type=\"widget\" data-settings=\"{&quot;_animation&quot;:&quot;slideInUp&quot;}\" data-widget_type=\"text-editor.default\">\n\t\t\t\t<div class=\"elementor-widget-container\">\n\t\t\t\t\t\t\t<p>Je suis Aurore, j&rsquo;ai 36ans et je \u00a0suis Educatrice de Jeunes Enfants depuis 2010 et j&rsquo;exerce en Multi accueil depuis 15 ans bient\u00f4t.<br \/>L&rsquo;accompagnement et le soutien \u00e0 la parentalit\u00e9 est le c\u0153ur de mon m\u00e9tier et c&rsquo;est quelque chose qui m&rsquo;anime \u00e9norm\u00e9ment. C&rsquo;est une facette de ma profession que j&rsquo;exerce chaque jour mais pas assez \u00e0 mon go\u00fbt aujourd&rsquo;hui.<\/p><p>En 2015,mon exp\u00e9rience de la grossesse, de la maternit\u00e9 et encore du post partum ont \u00e9t\u00e9 r\u00e9v\u00e9lateur pour moi. Ils m &lsquo;ont fait prendre conscience que la maman, le couple parental ne sont pas assez accompagn\u00e9s, soutenus dans ces moments de vie \u00a0\u00bb hors de la vie\u00a0\u00bb . Je me suis rendue compte \u00e0 l&rsquo;\u00e9poque que les sujets autour du post partum \u00e9taient tabou et que l&rsquo;on id\u00e9alisait cette p\u00e9riode de vie qui est certes un moment de grand bonheur mais qui peut \u00eatre aussi tellement d\u00e9routant et empreint de doutes, solitude et questionnements.<br \/>J&rsquo;ai gard\u00e9 tout cela dans un coin de ma t\u00eate tout en me disant que vraiment, il y<br \/>avait quelque chose \u00e0 accomplir autour de cette p\u00e9riode de vie.<\/p><p>Il y a peu j&rsquo;ai d\u00e9couvert la formation d&rsquo;Accompagnante en P\u00e9rinatalit\u00e9 et Parentalit\u00e9 propos\u00e9e par LBDC formations \u00e0 Gradignan ( proche de Bordeaux)qui m&rsquo;offrait la possibilit\u00e9 d &lsquo; accompagner les familles de la grossesse jusqu&rsquo;au minimum 6 ans de l&rsquo;enfant : une r\u00e9v\u00e9lation : un nouveau m\u00e9tier qui allie et mon envie d&rsquo;accompagner les familles autour de la p\u00e9rinatalit\u00e9 et l&rsquo;accompagnement parental qui me passionne chaque jour dans mon m\u00e9tier.<br \/>J&rsquo;ai donc d\u00e9but\u00e9 en Janvier 2022 cette formation qui m&rsquo;as permis de me former pendant 2 ans \u00e0 accompagner les familles au travers du d\u00e9sir de conception, de la grossesse, de l&rsquo;accouchement, du post partum mais aussi de leur offrir un accompagnement parental autour du soin Rebozo, des massages b\u00e9b\u00e9, du portage, de la communication gestuelle associ\u00e9e \u00e0 la parole ou encore du deuil p\u00e9rinatal.<\/p><p>J&rsquo;ai aujourd&rsquo;hui \u00e0 c\u0153ur de vous accompagner sur le chemin de la Parentalit\u00e9 avec des valeurs qui me tiennent \u00e0 c\u0153ur telles que : la bienveillance, le non jugement, l&#8217;empathie et l&rsquo;\u00e9coute.<\/p><p>Aurore \ud83c\udf3a<\/p>\t\t\t\t\t\t<\/div>\n\t\t\t\t<\/div>\n\t\t\t\t\t<\/div>\n\t\t<\/div>\n\t\t\t\t\t\t\t<\/div>\n\t\t<\/section>\n\t\t\t\t\t\t\t<\/div>\n\t\t","protected":false},"excerpt":{"rendered":"<p>Je suis Aurore, j&rsquo;ai 36ans et je \u00a0suis Educatrice de Jeunes Enfants depuis 2010 et j&rsquo;exerce en Multi accueil depuis 15 ans bient\u00f4t.L&rsquo;accompagnement et le soutien \u00e0 la parentalit\u00e9 est le c\u0153ur de mon m\u00e9tier et c&rsquo;est quelque chose qui m&rsquo;anime \u00e9norm\u00e9ment. C&rsquo;est une facette de ma profession que j&rsquo;exerce chaque jour mais pas assez \u00e0 mon go\u00fbt aujourd&rsquo;hui. En 2015,mon exp\u00e9rience de la grossesse, de la maternit\u00e9 et encore du post partum ont \u00e9t\u00e9 r\u00e9v\u00e9lateur pour moi. Ils m &lsquo;ont fait prendre conscience que la maman, le couple parental ne sont pas assez accompagn\u00e9s, soutenus dans ces moments de vie \u00a0\u00bb hors de la vie\u00a0\u00bb . Je me suis rendue compte \u00e0 l&rsquo;\u00e9poque que les sujets autour du post partum \u00e9taient tabou et que l&rsquo;on id\u00e9alisait cette p\u00e9riode de vie qui est certes un moment de grand bonheur mais qui peut \u00eatre aussi tellement d\u00e9routant et empreint de doutes, solitude et questionnements.J&rsquo;ai gard\u00e9 tout cela dans un coin de ma t\u00eate tout en me disant que vraiment, il yavait quelque chose \u00e0 accomplir autour de cette p\u00e9riode de vie. Il y a peu j&rsquo;ai d\u00e9couvert la formation d&rsquo;Accompagnante en P\u00e9rinatalit\u00e9 et Parentalit\u00e9 propos\u00e9e par LBDC formations \u00e0 Gradignan ( proche de Bordeaux)qui m&rsquo;offrait la possibilit\u00e9 d &lsquo; accompagner les familles de la grossesse jusqu&rsquo;au minimum 6 ans de l&rsquo;enfant : une r\u00e9v\u00e9lation : un nouveau m\u00e9tier qui allie et mon envie d&rsquo;accompagner les familles autour de la p\u00e9rinatalit\u00e9 et l&rsquo;accompagnement parental qui me passionne chaque jour dans mon m\u00e9tier.J&rsquo;ai donc d\u00e9but\u00e9 en Janvier 2022 cette formation qui m&rsquo;as permis de me former pendant 2 ans \u00e0 accompagner les familles au travers du d\u00e9sir de conception, de la grossesse, de l&rsquo;accouchement, du post partum mais aussi de leur offrir un accompagnement parental autour du soin Rebozo, des massages b\u00e9b\u00e9, du portage, de la communication gestuelle associ\u00e9e \u00e0 la parole ou encore du deuil p\u00e9rinatal. J&rsquo;ai aujourd&rsquo;hui \u00e0 c\u0153ur de vous accompagner sur le chemin de la Parentalit\u00e9 avec des valeurs qui me tiennent \u00e0 c\u0153ur telles que : la bienveillance, le non jugement, l&#8217;empathie et l&rsquo;\u00e9coute. Aurore \ud83c\udf3a<\/p>\n","protected":false},"author":1,"featured_media":0,"parent":0,"menu_order":0,"comment_status":"closed","ping_status":"closed","template":"","meta":{"om_disable_all_campaigns":false,"_monsterinsights_skip_tracking":false,"_monsterinsights_sitenote_active":false,"_monsterinsights_sitenote_note":"","_monsterinsights_sitenote_category":0,"footnotes":""},"aioseo_notices":[],"_links":{"self":[{"href":"https:\/\/aurore-cocoonemoi.fr\/index.php\/wp-json\/wp\/v2\/pages\/214"}],"collection":[{"href":"https:\/\/aurore-cocoonemoi.fr\/index.php\/wp-json\/wp\/v2\/pages"}],"about":[{"href":"https:\/\/aurore-cocoonemoi.fr\/index.php\/wp-json\/wp\/v2\/types\/page"}],"author":[{"embeddable":true,"href":"https:\/\/aurore-cocoonemoi.fr\/index.php\/wp-json\/wp\/v2\/users\/1"}],"replies":[{"embeddable":true,"href":"https:\/\/aurore-cocoonemoi.fr\/index.php\/wp-json\/wp\/v2\/comments?post=214"}],"version-history":[{"count":23,"href":"https:\/\/aurore-cocoonemoi.fr\/index.php\/wp-json\/wp\/v2\/pages\/214\/revisions"}],"predecessor-version":[{"id":1751,"href":"https:\/\/aurore-cocoonemoi.fr\/index.php\/wp-json\/wp\/v2\/pages\/214\/revisions\/1751"}],"wp:attachment":[{"href":"https:\/\/aurore-cocoonemoi.fr\/index.php\/wp-json\/wp\/v2\/media?parent=214"}],"curies":[{"name":"wp","href":"https:\/\/api.w.org\/{rel}","templated":true}]}}