{"id":1755,"date":"2025-11-05T17:41:24","date_gmt":"2025-11-05T17:41:24","guid":{"rendered":"https:\/\/aurore-cocoonemoi.fr\/?page_id=1755"},"modified":"2026-02-27T09:35:38","modified_gmt":"2026-02-27T09:35:38","slug":"box-de-noel","status":"publish","type":"page","link":"https:\/\/aurore-cocoonemoi.fr\/index.php\/box-de-noel\/","title":{"rendered":"Box Naissance"},"content":{"rendered":"\t\t<div data-elementor-type=\"wp-page\" data-elementor-id=\"1755\" class=\"elementor elementor-1755\">\n\t\t\t\t\t\t\t\t\t<section class=\"elementor-section elementor-top-section elementor-element elementor-element-cf6e779 elementor-section-boxed elementor-section-height-default elementor-section-height-default\" data-id=\"cf6e779\" data-element_type=\"section\">\n\t\t\t\t\t\t<div class=\"elementor-container elementor-column-gap-default\">\n\t\t\t\t\t<div class=\"elementor-column elementor-col-100 elementor-top-column elementor-element elementor-element-cbc5259\" data-id=\"cbc5259\" data-element_type=\"column\">\n\t\t\t<div class=\"elementor-widget-wrap elementor-element-populated\">\n\t\t\t\t\t\t\t\t<div class=\"elementor-element elementor-element-47c0de9 elementor-widget elementor-widget-text-editor\" data-id=\"47c0de9\" data-element_type=\"widget\" data-widget_type=\"text-editor.default\">\n\t\t\t\t<div class=\"elementor-widget-container\">\n\t\t\t<style>\/*! elementor - v3.18.0 - 20-12-2023 *\/\n.elementor-widget-text-editor.elementor-drop-cap-view-stacked .elementor-drop-cap{background-color:#69727d;color:#fff}.elementor-widget-text-editor.elementor-drop-cap-view-framed .elementor-drop-cap{color:#69727d;border:3px solid;background-color:transparent}.elementor-widget-text-editor:not(.elementor-drop-cap-view-default) .elementor-drop-cap{margin-top:8px}.elementor-widget-text-editor:not(.elementor-drop-cap-view-default) .elementor-drop-cap-letter{width:1em;height:1em}.elementor-widget-text-editor .elementor-drop-cap{float:left;text-align:center;line-height:1;font-size:50px}.elementor-widget-text-editor .elementor-drop-cap-letter{display:inline-block}<\/style>\t\t\t\t\t\t\t\t\t\t<\/div>\n\t\t\t\t<\/div>\n\t\t\t\t\t<\/div>\n\t\t<\/div>\n\t\t\t\t\t\t\t<\/div>\n\t\t<\/section>\n\t\t\t\t<section class=\"elementor-section elementor-top-section elementor-element elementor-element-13be00b elementor-section-boxed elementor-section-height-default elementor-section-height-default\" data-id=\"13be00b\" data-element_type=\"section\">\n\t\t\t\t\t\t<div class=\"elementor-container elementor-column-gap-default\">\n\t\t\t\t\t<div class=\"elementor-column elementor-col-25 elementor-top-column elementor-element elementor-element-a20a916\" data-id=\"a20a916\" data-element_type=\"column\">\n\t\t\t<div class=\"elementor-widget-wrap elementor-element-populated\">\n\t\t\t\t\t\t\t\t<div class=\"elementor-element elementor-element-11e5f41 elementor-widget elementor-widget-image\" data-id=\"11e5f41\" data-element_type=\"widget\" data-widget_type=\"image.default\">\n\t\t\t\t<div class=\"elementor-widget-container\">\n\t\t\t<style>\/*! elementor - v3.18.0 - 20-12-2023 *\/\n.elementor-widget-image{text-align:center}.elementor-widget-image a{display:inline-block}.elementor-widget-image a img[src$=\".svg\"]{width:48px}.elementor-widget-image img{vertical-align:middle;display:inline-block}<\/style>\t\t\t\t\t\t\t\t\t\t\t\t<img fetchpriority=\"high\" decoding=\"async\" width=\"2560\" height=\"1441\" src=\"https:\/\/aurore-cocoonemoi.fr\/wp-content\/uploads\/2026\/02\/20260218_190506-scaled.jpg\" class=\"attachment-full size-full wp-image-1815\" alt=\"Box Naissance Limoges\" srcset=\"https:\/\/aurore-cocoonemoi.fr\/wp-content\/uploads\/2026\/02\/20260218_190506-scaled.jpg 2560w, https:\/\/aurore-cocoonemoi.fr\/wp-content\/uploads\/2026\/02\/20260218_190506-300x169.jpg 300w, https:\/\/aurore-cocoonemoi.fr\/wp-content\/uploads\/2026\/02\/20260218_190506-1024x577.jpg 1024w, https:\/\/aurore-cocoonemoi.fr\/wp-content\/uploads\/2026\/02\/20260218_190506-768x432.jpg 768w, https:\/\/aurore-cocoonemoi.fr\/wp-content\/uploads\/2026\/02\/20260218_190506-1536x865.jpg 1536w, https:\/\/aurore-cocoonemoi.fr\/wp-content\/uploads\/2026\/02\/20260218_190506-2048x1153.jpg 2048w, https:\/\/aurore-cocoonemoi.fr\/wp-content\/uploads\/2026\/02\/20260218_190506-1140x642.jpg 1140w\" sizes=\"(max-width: 2560px) 100vw, 2560px\" \/>\t\t\t\t\t\t\t\t\t\t\t\t\t\t\t<\/div>\n\t\t\t\t<\/div>\n\t\t\t\t\t<\/div>\n\t\t<\/div>\n\t\t\t\t<div class=\"elementor-column elementor-col-50 elementor-top-column elementor-element elementor-element-f0facb5\" data-id=\"f0facb5\" data-element_type=\"column\">\n\t\t\t<div class=\"elementor-widget-wrap elementor-element-populated\">\n\t\t\t\t\t\t\t\t<div class=\"elementor-element elementor-element-066ca48 elementor-widget elementor-widget-text-editor\" data-id=\"066ca48\" data-element_type=\"widget\" data-widget_type=\"text-editor.default\">\n\t\t\t\t<div class=\"elementor-widget-container\">\n\t\t\t\t\t\t\t<p>Box Naissance<\/p>\n<p><\/p>\n<p>Une box locale pens\u00e9e pour les futures et jeunes mamans<\/p>\n<p>A l int\u00e9rieur vous retrouverez :<\/p>\n<p>\u2744\ufe0f un bon pour un rituel post natal avec resserrage de bassin \u00e0 domicile<\/p>\n<p>\u2744\ufe0f3 hot cookies des Patisseries de Marie<\/p>\n<p>Une box 100% locale afin de prendre soin des jeunes mamans lors de leur retour \u00e0 la maison.<\/p>\n<p>On pense souvent \u00e0 offrir des cadeaux aux b\u00e9b\u00e9s mais trop peu aux jeunes parents<\/p>\n<p>Tarif : 79 euros<\/p>\t\t\t\t\t\t<\/div>\n\t\t\t\t<\/div>\n\t\t\t\t\t<\/div>\n\t\t<\/div>\n\t\t\t\t<div class=\"elementor-column elementor-col-25 elementor-top-column elementor-element elementor-element-2a4ad44\" data-id=\"2a4ad44\" data-element_type=\"column\">\n\t\t\t<div class=\"elementor-widget-wrap elementor-element-populated\">\n\t\t\t\t\t\t\t\t<div class=\"elementor-element elementor-element-1c444fa elementor-widget elementor-widget-image\" data-id=\"1c444fa\" data-element_type=\"widget\" data-widget_type=\"image.default\">\n\t\t\t\t<div class=\"elementor-widget-container\">\n\t\t\t\t\t\t\t\t\t\t\t\t\t\t\t<img decoding=\"async\" width=\"960\" height=\"720\" src=\"https:\/\/aurore-cocoonemoi.fr\/wp-content\/uploads\/2026\/02\/IMG-20260218-WA0001-1024x768.jpg\" class=\"attachment-large size-large wp-image-1816\" alt=\"Box naissance Limoges\" srcset=\"https:\/\/aurore-cocoonemoi.fr\/wp-content\/uploads\/2026\/02\/IMG-20260218-WA0001-1024x768.jpg 1024w, https:\/\/aurore-cocoonemoi.fr\/wp-content\/uploads\/2026\/02\/IMG-20260218-WA0001-300x225.jpg 300w, https:\/\/aurore-cocoonemoi.fr\/wp-content\/uploads\/2026\/02\/IMG-20260218-WA0001-768x576.jpg 768w, https:\/\/aurore-cocoonemoi.fr\/wp-content\/uploads\/2026\/02\/IMG-20260218-WA0001-1536x1152.jpg 1536w, https:\/\/aurore-cocoonemoi.fr\/wp-content\/uploads\/2026\/02\/IMG-20260218-WA0001-1140x855.jpg 1140w, https:\/\/aurore-cocoonemoi.fr\/wp-content\/uploads\/2026\/02\/IMG-20260218-WA0001.jpg 1600w\" sizes=\"(max-width: 960px) 100vw, 960px\" \/>\t\t\t\t\t\t\t\t\t\t\t\t\t\t\t<\/div>\n\t\t\t\t<\/div>\n\t\t\t\t\t<\/div>\n\t\t<\/div>\n\t\t\t\t\t\t\t<\/div>\n\t\t<\/section>\n\t\t\t\t<section class=\"elementor-section elementor-top-section elementor-element elementor-element-2039e7c elementor-section-boxed elementor-section-height-default elementor-section-height-default\" data-id=\"2039e7c\" data-element_type=\"section\">\n\t\t\t\t\t\t<div class=\"elementor-container elementor-column-gap-default\">\n\t\t\t\t\t<div class=\"elementor-column elementor-col-100 elementor-top-column elementor-element elementor-element-a7a353e\" data-id=\"a7a353e\" data-element_type=\"column\">\n\t\t\t<div class=\"elementor-widget-wrap elementor-element-populated\">\n\t\t\t\t\t\t\t\t<div class=\"elementor-element elementor-element-774592c elementor-align-center elementor-widget elementor-widget-button\" data-id=\"774592c\" data-element_type=\"widget\" data-widget_type=\"button.default\">\n\t\t\t\t<div class=\"elementor-widget-container\">\n\t\t\t\t\t<div class=\"elementor-button-wrapper\">\n\t\t\t<a class=\"elementor-button elementor-button-link elementor-size-sm\" href=\"https:\/\/aurore-cocoonemoi.fr\/index.php\/contact-2\/\">\n\t\t\t\t\t\t<span class=\"elementor-button-content-wrapper\">\n\t\t\t\t\t\t<span class=\"elementor-button-text\">je souhaite commander<\/span>\n\t\t<\/span>\n\t\t\t\t\t<\/a>\n\t\t<\/div>\n\t\t\t\t<\/div>\n\t\t\t\t<\/div>\n\t\t\t\t\t<\/div>\n\t\t<\/div>\n\t\t\t\t\t\t\t<\/div>\n\t\t<\/section>\n\t\t\t\t<section class=\"elementor-section elementor-top-section elementor-element elementor-element-9320211 elementor-section-boxed elementor-section-height-default elementor-section-height-default\" data-id=\"9320211\" data-element_type=\"section\">\n\t\t\t\t\t\t<div class=\"elementor-container elementor-column-gap-default\">\n\t\t\t\t\t<div class=\"elementor-column elementor-col-100 elementor-top-column elementor-element elementor-element-d4cfaa2\" data-id=\"d4cfaa2\" data-element_type=\"column\">\n\t\t\t<div class=\"elementor-widget-wrap elementor-element-populated\">\n\t\t\t\t\t\t\t\t<div class=\"elementor-element elementor-element-66c2cbc elementor-widget elementor-widget-wpforms\" data-id=\"66c2cbc\" data-element_type=\"widget\" data-widget_type=\"wpforms.default\">\n\t\t\t\t<div class=\"elementor-widget-container\">\n\t\t\t<div class=\"wpforms-container wpforms-container-full\" id=\"wpforms-276\"><form id=\"wpforms-form-276\" class=\"wpforms-validate wpforms-form wpforms-ajax-form\" data-formid=\"276\" method=\"post\" enctype=\"multipart\/form-data\" action=\"\/index.php\/wp-json\/wp\/v2\/pages\/1755\" data-token=\"85434ea46d5679c353fe08044f4f4d6b\" data-token-time=\"1775773684\"><noscript class=\"wpforms-error-noscript\">Veuillez activer JavaScript dans votre navigateur pour remplir ce formulaire.<\/noscript><div class=\"wpforms-field-container\"><div id=\"wpforms-276-field_0-container\" class=\"wpforms-field wpforms-field-name\" data-field-id=\"0\"><label class=\"wpforms-field-label\" for=\"wpforms-276-field_0\">Nom <span class=\"wpforms-required-label\">*<\/span><\/label><input type=\"text\" id=\"wpforms-276-field_0\" class=\"wpforms-field-medium wpforms-field-required\" name=\"wpforms[fields][0]\" required><\/div><div id=\"wpforms-276-field_1-container\" class=\"wpforms-field wpforms-field-email\" data-field-id=\"1\"><label class=\"wpforms-field-label\" for=\"wpforms-276-field_1\">Email <span class=\"wpforms-required-label\">*<\/span><\/label><input type=\"email\" id=\"wpforms-276-field_1\" class=\"wpforms-field-medium wpforms-field-required\" name=\"wpforms[fields][1]\" spellcheck=\"false\" required><\/div><div id=\"wpforms-276-field_2-container\" class=\"wpforms-field wpforms-field-textarea\" data-field-id=\"2\"><label class=\"wpforms-field-label\" for=\"wpforms-276-field_2\">Message<\/label><textarea id=\"wpforms-276-field_2\" class=\"wpforms-field-medium\" name=\"wpforms[fields][2]\" ><\/textarea><\/div><div id=\"wpforms-276-field_14-container\" class=\"wpforms-field wpforms-field-gdpr-checkbox\" data-field-id=\"14\"><label class=\"wpforms-field-label\">Accord RGPD <span class=\"wpforms-required-label\">*<\/span><\/label><ul id=\"wpforms-276-field_14\" class=\"wpforms-field-required\"><li class=\"choice-1\"><input type=\"checkbox\" id=\"wpforms-276-field_14_1\" name=\"wpforms[fields][14][]\" value=\"Je consens \u00e0 ce que &quot;aurore-cocoonemoi.fr&quot; stocke mes informations envoy\u00e9es afin qu\u2019elles puissent r\u00e9pondre \u00e0 ma requ\u00eate.\" required ><label class=\"wpforms-field-label-inline\" for=\"wpforms-276-field_14_1\">Je consens \u00e0 ce que \"aurore-cocoonemoi.fr\" stocke mes informations envoy\u00e9es afin qu\u2019elles puissent r\u00e9pondre \u00e0 ma requ\u00eate.<\/label><\/li><\/ul><\/div><\/div><!-- .wpforms-field-container --><div class=\"wpforms-submit-container\" ><input type=\"hidden\" name=\"wpforms[id]\" value=\"276\"><input type=\"hidden\" name=\"page_title\" value=\"\"><input type=\"hidden\" name=\"page_url\" value=\"https:\/\/aurore-cocoonemoi.fr\/index.php\/wp-json\/wp\/v2\/pages\/1755\"><input type=\"hidden\" name=\"url_referer\" value=\"\"><button type=\"submit\" name=\"wpforms[submit]\" id=\"wpforms-submit-276\" class=\"wpforms-submit\" data-alt-text=\"Sending...\" data-submit-text=\"Envoyer\" aria-live=\"assertive\" value=\"wpforms-submit\">Envoyer<\/button><img decoding=\"async\" src=\"https:\/\/aurore-cocoonemoi.fr\/wp-content\/plugins\/wpforms-lite\/assets\/images\/submit-spin.svg\" class=\"wpforms-submit-spinner\" style=\"display: none;\" width=\"26\" height=\"26\" alt=\"Chargement en cours\"><\/div><\/form><\/div>  <!-- .wpforms-container -->\t\t<\/div>\n\t\t\t\t<\/div>\n\t\t\t\t\t<\/div>\n\t\t<\/div>\n\t\t\t\t\t\t\t<\/div>\n\t\t<\/section>\n\t\t\t\t\t\t\t<\/div>\n\t\t","protected":false},"excerpt":{"rendered":"<p>Box Naissance Une box locale pens\u00e9e pour les futures et jeunes mamans A l int\u00e9rieur vous retrouverez : \u2744\ufe0f un bon pour un rituel post natal avec resserrage de bassin \u00e0 domicile \u2744\ufe0f3 hot cookies des Patisseries de Marie Une box 100% locale afin de prendre soin des jeunes mamans lors de leur retour \u00e0 la maison. On pense souvent \u00e0 offrir des cadeaux aux b\u00e9b\u00e9s mais trop peu aux jeunes parents Tarif : 79 euros je souhaite commander Veuillez activer JavaScript dans votre navigateur pour remplir ce formulaire.Nom *Email *MessageAccord RGPD * Je consens \u00e0 ce que \u00ab\u00a0aurore-cocoonemoi.fr\u00a0\u00bb stocke mes informations envoy\u00e9es afin qu\u2019elles puissent r\u00e9pondre \u00e0 ma requ\u00eate. Envoyer<\/p>\n","protected":false},"author":1,"featured_media":0,"parent":0,"menu_order":0,"comment_status":"closed","ping_status":"closed","template":"","meta":{"om_disable_all_campaigns":false,"_monsterinsights_skip_tracking":false,"_monsterinsights_sitenote_active":false,"_monsterinsights_sitenote_note":"","_monsterinsights_sitenote_category":0,"footnotes":""},"aioseo_notices":[],"_links":{"self":[{"href":"https:\/\/aurore-cocoonemoi.fr\/index.php\/wp-json\/wp\/v2\/pages\/1755"}],"collection":[{"href":"https:\/\/aurore-cocoonemoi.fr\/index.php\/wp-json\/wp\/v2\/pages"}],"about":[{"href":"https:\/\/aurore-cocoonemoi.fr\/index.php\/wp-json\/wp\/v2\/types\/page"}],"author":[{"embeddable":true,"href":"https:\/\/aurore-cocoonemoi.fr\/index.php\/wp-json\/wp\/v2\/users\/1"}],"replies":[{"embeddable":true,"href":"https:\/\/aurore-cocoonemoi.fr\/index.php\/wp-json\/wp\/v2\/comments?post=1755"}],"version-history":[{"count":23,"href":"https:\/\/aurore-cocoonemoi.fr\/index.php\/wp-json\/wp\/v2\/pages\/1755\/revisions"}],"predecessor-version":[{"id":1820,"href":"https:\/\/aurore-cocoonemoi.fr\/index.php\/wp-json\/wp\/v2\/pages\/1755\/revisions\/1820"}],"wp:attachment":[{"href":"https:\/\/aurore-cocoonemoi.fr\/index.php\/wp-json\/wp\/v2\/media?parent=1755"}],"curies":[{"name":"wp","href":"https:\/\/api.w.org\/{rel}","templated":true}]}}