{"id":1710,"date":"2025-06-14T06:34:00","date_gmt":"2025-06-14T06:34:00","guid":{"rendered":"https:\/\/aurore-cocoonemoi.fr\/?page_id=1710"},"modified":"2026-02-18T09:03:54","modified_gmt":"2026-02-18T09:03:54","slug":"la-pause-partum-3","status":"publish","type":"page","link":"https:\/\/aurore-cocoonemoi.fr\/index.php\/la-pause-partum-3\/","title":{"rendered":"Relais Post Natal"},"content":{"rendered":"\t\t<div data-elementor-type=\"wp-page\" data-elementor-id=\"1710\" class=\"elementor elementor-1710\">\n\t\t\t\t\t\t\t\t\t<section class=\"elementor-section elementor-top-section elementor-element elementor-element-6a77a4a elementor-section-boxed elementor-section-height-default elementor-section-height-default\" data-id=\"6a77a4a\" data-element_type=\"section\">\n\t\t\t\t\t\t<div class=\"elementor-container elementor-column-gap-default\">\n\t\t\t\t\t<div class=\"elementor-column elementor-col-100 elementor-top-column elementor-element elementor-element-62aaaa1\" data-id=\"62aaaa1\" data-element_type=\"column\">\n\t\t\t<div class=\"elementor-widget-wrap elementor-element-populated\">\n\t\t\t\t\t\t\t\t<div class=\"elementor-element elementor-element-02b93c4 elementor-widget elementor-widget-text-editor\" data-id=\"02b93c4\" data-element_type=\"widget\" data-widget_type=\"text-editor.default\">\n\t\t\t\t<div class=\"elementor-widget-container\">\n\t\t\t<style>\/*! elementor - v3.18.0 - 20-12-2023 *\/\n.elementor-widget-text-editor.elementor-drop-cap-view-stacked .elementor-drop-cap{background-color:#69727d;color:#fff}.elementor-widget-text-editor.elementor-drop-cap-view-framed .elementor-drop-cap{color:#69727d;border:3px solid;background-color:transparent}.elementor-widget-text-editor:not(.elementor-drop-cap-view-default) .elementor-drop-cap{margin-top:8px}.elementor-widget-text-editor:not(.elementor-drop-cap-view-default) .elementor-drop-cap-letter{width:1em;height:1em}.elementor-widget-text-editor .elementor-drop-cap{float:left;text-align:center;line-height:1;font-size:50px}.elementor-widget-text-editor .elementor-drop-cap-letter{display:inline-block}<\/style>\t\t\t\t<p>Une formule qui consiste \u00e0 vous proposer une pause, un relais dans votre post partum.<\/p>\n<p>On sait au combien on peut parfois se sentir seule dans cette p\u00e9riode, combien prendre une douche ou manger peut relever d&rsquo;un d\u00e9fi.<\/p>\n<p>Je vous propose donc un relais \u00e0 votre domicile pour prendre soin de b\u00e9b\u00e9 pendant que vous vous octroyez un temps pour vous, une sieste, une sortie ect..<\/p>\n<p>Forte de mon exp\u00e9rience d&rsquo;Educatrice de Jeunes Enfants depuis 15 ans et de mon exp\u00e9rience d&rsquo;Accompagnante en P\u00e9rinatalit\u00e9 et Parentalit\u00e9 depuis 3 ans, je peux prendre soin de b\u00e9b\u00e9 pendant que vous prenez une vraie pause dans le quotidien si intense que peut etre le post partum.<\/p>\n<p><\/p>\n<p>Un cadeau \u00e0 s&rsquo;offrir ou \u00e0 offrir.<\/p>\n<p><\/p>\n<p>Forfait 2h de relais : 60 euros<\/p>\n<p>Le tarif est \u00e0 adapter ensuite selon vos besoins.<\/p>\n<p><\/p>\t\t\t\t\t\t<\/div>\n\t\t\t\t<\/div>\n\t\t\t\t\t<\/div>\n\t\t<\/div>\n\t\t\t\t\t\t\t<\/div>\n\t\t<\/section>\n\t\t\t\t<section class=\"elementor-section elementor-top-section elementor-element elementor-element-a64efa3 elementor-section-boxed elementor-section-height-default elementor-section-height-default\" data-id=\"a64efa3\" data-element_type=\"section\">\n\t\t\t\t\t\t<div class=\"elementor-container elementor-column-gap-default\">\n\t\t\t\t\t<div class=\"elementor-column elementor-col-100 elementor-top-column elementor-element elementor-element-739885b\" data-id=\"739885b\" data-element_type=\"column\">\n\t\t\t<div class=\"elementor-widget-wrap elementor-element-populated\">\n\t\t\t\t\t\t\t\t<div class=\"elementor-element elementor-element-392cce0 elementor-widget elementor-widget-text-editor\" data-id=\"392cce0\" data-element_type=\"widget\" data-widget_type=\"text-editor.default\">\n\t\t\t\t<div class=\"elementor-widget-container\">\n\t\t\t\t\t\t\t<p>Je me d\u00e9place gratuitement dans un rayon de 20km autour de Veyrac, au del\u00e0 des frais km sont \u00e0 pr\u00e9voir.<\/p>\t\t\t\t\t\t<\/div>\n\t\t\t\t<\/div>\n\t\t\t\t\t<\/div>\n\t\t<\/div>\n\t\t\t\t\t\t\t<\/div>\n\t\t<\/section>\n\t\t\t\t<section class=\"elementor-section elementor-top-section elementor-element elementor-element-693b36e elementor-section-boxed elementor-section-height-default elementor-section-height-default\" data-id=\"693b36e\" data-element_type=\"section\">\n\t\t\t\t\t\t<div class=\"elementor-container elementor-column-gap-default\">\n\t\t\t\t\t<div class=\"elementor-column elementor-col-100 elementor-top-column elementor-element elementor-element-c2626f2\" data-id=\"c2626f2\" data-element_type=\"column\">\n\t\t\t<div class=\"elementor-widget-wrap elementor-element-populated\">\n\t\t\t\t\t\t\t\t<div class=\"elementor-element elementor-element-1e2420a elementor-invisible elementor-widget elementor-widget-text-editor\" data-id=\"1e2420a\" data-element_type=\"widget\" data-settings=\"{&quot;_animation&quot;:&quot;fadeInRight&quot;}\" data-widget_type=\"text-editor.default\">\n\t\t\t\t<div class=\"elementor-widget-container\">\n\t\t\t\t\t\t\t<p>On dit qu&rsquo;il faut tout un village pour \u00e9lever un enfant.<\/p>\t\t\t\t\t\t<\/div>\n\t\t\t\t<\/div>\n\t\t\t\t\t<\/div>\n\t\t<\/div>\n\t\t\t\t\t\t\t<\/div>\n\t\t<\/section>\n\t\t\t\t<section class=\"elementor-section elementor-top-section elementor-element elementor-element-6673a36 elementor-section-boxed elementor-section-height-default elementor-section-height-default\" data-id=\"6673a36\" data-element_type=\"section\">\n\t\t\t\t\t\t<div class=\"elementor-container elementor-column-gap-default\">\n\t\t\t\t\t<div class=\"elementor-column elementor-col-100 elementor-top-column elementor-element elementor-element-5bb090c\" data-id=\"5bb090c\" data-element_type=\"column\">\n\t\t\t<div class=\"elementor-widget-wrap elementor-element-populated\">\n\t\t\t\t\t\t\t\t<div class=\"elementor-element elementor-element-4a44ed6 elementor-widget elementor-widget-image\" data-id=\"4a44ed6\" data-element_type=\"widget\" data-widget_type=\"image.default\">\n\t\t\t\t<div class=\"elementor-widget-container\">\n\t\t\t<style>\/*! elementor - v3.18.0 - 20-12-2023 *\/\n.elementor-widget-image{text-align:center}.elementor-widget-image a{display:inline-block}.elementor-widget-image a img[src$=\".svg\"]{width:48px}.elementor-widget-image img{vertical-align:middle;display:inline-block}<\/style>\t\t\t\t\t\t\t\t\t\t\t\t<img fetchpriority=\"high\" decoding=\"async\" width=\"275\" height=\"183\" src=\"https:\/\/aurore-cocoonemoi.fr\/wp-content\/uploads\/2025\/06\/sieste-femme.jpeg\" class=\"attachment-large size-large wp-image-1604\" alt=\"relais post natal Limoges\" \/>\t\t\t\t\t\t\t\t\t\t\t\t\t\t\t<\/div>\n\t\t\t\t<\/div>\n\t\t\t\t\t<\/div>\n\t\t<\/div>\n\t\t\t\t\t\t\t<\/div>\n\t\t<\/section>\n\t\t\t\t<section class=\"elementor-section elementor-top-section elementor-element elementor-element-d415c42 elementor-section-boxed elementor-section-height-default elementor-section-height-default\" data-id=\"d415c42\" data-element_type=\"section\">\n\t\t\t\t\t\t<div class=\"elementor-container elementor-column-gap-default\">\n\t\t\t\t\t<div class=\"elementor-column elementor-col-100 elementor-top-column elementor-element elementor-element-fdd4eef\" data-id=\"fdd4eef\" data-element_type=\"column\">\n\t\t\t<div class=\"elementor-widget-wrap elementor-element-populated\">\n\t\t\t\t\t\t\t\t<div class=\"elementor-element elementor-element-14ba808 elementor-align-center elementor-widget elementor-widget-button\" data-id=\"14ba808\" data-element_type=\"widget\" data-widget_type=\"button.default\">\n\t\t\t\t<div class=\"elementor-widget-container\">\n\t\t\t\t\t<div class=\"elementor-button-wrapper\">\n\t\t\t<a class=\"elementor-button elementor-button-link elementor-size-sm\" href=\"https:\/\/aurore-cocoonemoi.fr\/index.php\/contact-2\/\">\n\t\t\t\t\t\t<span class=\"elementor-button-content-wrapper\">\n\t\t\t\t\t\t<span class=\"elementor-button-text\">je souhaite des informations ou r\u00e9server<\/span>\n\t\t<\/span>\n\t\t\t\t\t<\/a>\n\t\t<\/div>\n\t\t\t\t<\/div>\n\t\t\t\t<\/div>\n\t\t\t\t\t<\/div>\n\t\t<\/div>\n\t\t\t\t\t\t\t<\/div>\n\t\t<\/section>\n\t\t\t\t\t\t\t<\/div>\n\t\t","protected":false},"excerpt":{"rendered":"<p>Une formule qui consiste \u00e0 vous proposer une pause, un relais dans votre post partum. On sait au combien on peut parfois se sentir seule dans cette p\u00e9riode, combien prendre une douche ou manger peut relever d&rsquo;un d\u00e9fi. Je vous propose donc un relais \u00e0 votre domicile pour prendre soin de b\u00e9b\u00e9 pendant que vous vous octroyez un temps pour vous, une sieste, une sortie ect.. Forte de mon exp\u00e9rience d&rsquo;Educatrice de Jeunes Enfants depuis 15 ans et de mon exp\u00e9rience d&rsquo;Accompagnante en P\u00e9rinatalit\u00e9 et Parentalit\u00e9 depuis 3 ans, je peux prendre soin de b\u00e9b\u00e9 pendant que vous prenez une vraie pause dans le quotidien si intense que peut etre le post partum. Un cadeau \u00e0 s&rsquo;offrir ou \u00e0 offrir. Forfait 2h de relais : 60 euros Le tarif est \u00e0 adapter ensuite selon vos besoins. Je me d\u00e9place gratuitement dans un rayon de 20km autour de Veyrac, au del\u00e0 des frais km sont \u00e0 pr\u00e9voir. On dit qu&rsquo;il faut tout un village pour \u00e9lever un enfant. je souhaite des informations ou r\u00e9server<\/p>\n","protected":false},"author":1,"featured_media":0,"parent":0,"menu_order":0,"comment_status":"closed","ping_status":"closed","template":"","meta":{"om_disable_all_campaigns":false,"_monsterinsights_skip_tracking":false,"_monsterinsights_sitenote_active":false,"_monsterinsights_sitenote_note":"","_monsterinsights_sitenote_category":0,"footnotes":""},"aioseo_notices":[],"_links":{"self":[{"href":"https:\/\/aurore-cocoonemoi.fr\/index.php\/wp-json\/wp\/v2\/pages\/1710"}],"collection":[{"href":"https:\/\/aurore-cocoonemoi.fr\/index.php\/wp-json\/wp\/v2\/pages"}],"about":[{"href":"https:\/\/aurore-cocoonemoi.fr\/index.php\/wp-json\/wp\/v2\/types\/page"}],"author":[{"embeddable":true,"href":"https:\/\/aurore-cocoonemoi.fr\/index.php\/wp-json\/wp\/v2\/users\/1"}],"replies":[{"embeddable":true,"href":"https:\/\/aurore-cocoonemoi.fr\/index.php\/wp-json\/wp\/v2\/comments?post=1710"}],"version-history":[{"count":14,"href":"https:\/\/aurore-cocoonemoi.fr\/index.php\/wp-json\/wp\/v2\/pages\/1710\/revisions"}],"predecessor-version":[{"id":1805,"href":"https:\/\/aurore-cocoonemoi.fr\/index.php\/wp-json\/wp\/v2\/pages\/1710\/revisions\/1805"}],"wp:attachment":[{"href":"https:\/\/aurore-cocoonemoi.fr\/index.php\/wp-json\/wp\/v2\/media?parent=1710"}],"curies":[{"name":"wp","href":"https:\/\/api.w.org\/{rel}","templated":true}]}}